{"id":22,"date":"2020-02-28T13:21:13","date_gmt":"2020-02-28T13:21:13","guid":{"rendered":"https:\/\/xn--tierrztinnen-pottenstein-tbc.at\/?page_id=22"},"modified":"2025-08-25T06:48:45","modified_gmt":"2025-08-25T06:48:45","slug":"tierarzt-praxis-pottenstein","status":"publish","type":"page","link":"https:\/\/xn--tierrztinnen-pottenstein-tbc.at\/","title":{"rendered":"Tierarzt Praxis Pottenstein"},"content":{"rendered":"<h2><span style=\"color: #c00000;\"><b>Wie funktioniert unsere Tierarzt-Praxis?<\/b><\/span><\/h2>\n<p>Unsere Tierarzt-Praxis ist in Pottenstein (Bezirk Baden). Sie k\u00f6nnen jederzeit ohne Anmeldung in unsere <b>Sprechstunde<\/b> kommen. Montag, Mittwoch und Samstag ist unsere Tierarzt-Praxis von 10.00 bis 11.00, bzw Montag bis Freitag jeden Abend von 17.00 bis 18.30 ge\u00f6ffnet.<\/p>\n<p>Sollten Sie w\u00e4hrend der Ordinationszeiten <b>Fragen <\/b>haben, werden Sie entweder direkt verbunden oder auf eine R\u00fcckrufliste gesetzt und verl\u00e4sslich zur\u00fcckgerufen.<\/p>\n<p>Impfungen von mehreren Tieren, Behandlung \u00e4ngstlicher Tiere,\u00a0 Allergieberatung, internistische F\u00e4lle mit R\u00f6ntgen und Ultraschall\u00a0 &#8211; alles was mit erh\u00f6htem Zeitaufwand verbunden ist &#8211; \u00a0f\u00fchren wir gerne mit <b>Terminvereinbarung<\/b> durch, um die Wartezeiten\u00a0 so kurz wie m\u00f6glich zu halten.<\/p>\n<p><b>OP Termine<\/b> werden standardm\u00e4\u00dfig f\u00fcr Montag- und Mittwochvormittag vergeben, sollte das nicht m\u00f6glich sein, werden wir einen passenden Termin f\u00fcr Sie finden.<\/p>\n<p><b>Hausbesuche <\/b>sind f\u00fcr uns eine Selbstverst\u00e4ndlichkeit.<\/p>\n<p><b>Pferdevisiten<\/b> oder Visiten f\u00fcr K\u00fche, Alpakas, Schafe, Ziegen oder andere Hobbytierhaltung gerne mit Terminvereinbarung<\/p>\n<p><b>Notf\u00e4lle :<\/b> Falls Sie au\u00dferhalb der Ordinationszeiten bzw an Sonn- und Feiertagen dringenden Bedarf an tier\u00e4rztlicher Hilfe haben, w\u00e4hlen Sie bitte unsere Praxisnummer 02672\/ 88 7 88. \u00dcber unseren Anrufbeantworter erfahren Sie die Nummer der diensthabenden Tier\u00e4rztin. Bitte\u00a0 Notf\u00e4lle nicht \u00fcber SMS oder WhatsApp melden.<\/p>\n<p><b>E mails: <\/b>Termine, Anfragen\u2026auch per mail m\u00f6glich.<\/p>\n<p><strong>Facebook:<\/strong> Hier finden Sie aktuelle Tipps,\u00a0B\u00fccher,\u00a0Fundtiere, Geschenktipps uvm.<\/p>\n<p>Bankverbindung: \u00a0AT94 2033 4000 0124 2643<\/p>\n<p>&nbsp;<\/p>\n<table style=\"height: 5px;\" width=\"1277\">\n<tbody>\n<tr>\n<td style=\"width: 629px;\">\n<h4 style=\"text-align: center;\"><span style=\"color: #a11010;\"><strong>DR. VIKTORIA REMER\u00a0 DR. KARIN STRASSER<\/strong><\/span><\/h4>\n<p style=\"text-align: center;\">Gutensteinerstr. 1 2563 Pottenstein<br \/>\nTel. und Fax: 0 26 72 \/ 88 7 88<br \/>\noffice@vet-team-pottenstein.at<\/p>\n<\/td>\n<td style=\"width: 632px;\">\n<h4 style=\"text-align: center;\"><span style=\"color: #a11010;\">ORDINATIONSZEITEN<\/span><\/h4>\n<p style=\"text-align: center;\">Mo, Mi, Sa: 10.00 &#8211; 11.00<br \/>\nMo &#8211; Fr: 17.00 &#8211; 18.30<br \/>\nsowie nach telefonischer Vereinbarung:<\/p>\n<\/td>\n<\/tr>\n<\/tbody>\n<\/table>\n","protected":false},"excerpt":{"rendered":"<p>Wie funktioniert unsere Tierarzt-Praxis? Unsere Tierarzt-Praxis ist in Pottenstein (Bezirk Baden). Sie k\u00f6nnen jederzeit ohne Anmeldung in unsere Sprechstunde kommen. Montag, Mittwoch [&hellip;]<\/p>\n","protected":false},"author":1,"featured_media":0,"parent":0,"menu_order":0,"comment_status":"closed","ping_status":"closed","template":"","meta":{"footnotes":""},"class_list":["post-22","page","type-page","status-publish","hentry"],"_links":{"self":[{"href":"https:\/\/xn--tierrztinnen-pottenstein-tbc.at\/index.php?rest_route=\/wp\/v2\/pages\/22","targetHints":{"allow":["GET"]}}],"collection":[{"href":"https:\/\/xn--tierrztinnen-pottenstein-tbc.at\/index.php?rest_route=\/wp\/v2\/pages"}],"about":[{"href":"https:\/\/xn--tierrztinnen-pottenstein-tbc.at\/index.php?rest_route=\/wp\/v2\/types\/page"}],"author":[{"embeddable":true,"href":"https:\/\/xn--tierrztinnen-pottenstein-tbc.at\/index.php?rest_route=\/wp\/v2\/users\/1"}],"replies":[{"embeddable":true,"href":"https:\/\/xn--tierrztinnen-pottenstein-tbc.at\/index.php?rest_route=%2Fwp%2Fv2%2Fcomments&post=22"}],"version-history":[{"count":5,"href":"https:\/\/xn--tierrztinnen-pottenstein-tbc.at\/index.php?rest_route=\/wp\/v2\/pages\/22\/revisions"}],"predecessor-version":[{"id":36,"href":"https:\/\/xn--tierrztinnen-pottenstein-tbc.at\/index.php?rest_route=\/wp\/v2\/pages\/22\/revisions\/36"}],"wp:attachment":[{"href":"https:\/\/xn--tierrztinnen-pottenstein-tbc.at\/index.php?rest_route=%2Fwp%2Fv2%2Fmedia&parent=22"}],"curies":[{"name":"wp","href":"https:\/\/api.w.org\/{rel}","templated":true}]}}